{"id":16,"date":"2024-03-18T21:52:10","date_gmt":"2024-03-18T21:52:10","guid":{"rendered":"https:\/\/myjdotaciones.com\/?page_id=16"},"modified":"2024-03-20T22:11:12","modified_gmt":"2024-03-20T22:11:12","slug":"nosotros","status":"publish","type":"page","link":"https:\/\/myjdotaciones.com\/index.php\/nosotros\/","title":{"rendered":"nosotros"},"content":{"rendered":"\t\t<div data-elementor-type=\"wp-page\" data-elementor-id=\"16\" class=\"elementor elementor-16\">\n\t\t\t\t<div class=\"elementor-element elementor-element-143e662 e-flex e-con-boxed e-con e-parent\" data-id=\"143e662\" data-element_type=\"container\" data-core-v316-plus=\"true\">\n\t\t\t\t\t<div class=\"e-con-inner\">\n\t\t<div class=\"elementor-element elementor-element-52df121 e-con-full e-flex e-con e-child\" data-id=\"52df121\" data-element_type=\"container\">\n\t\t\t\t<div class=\"elementor-element elementor-element-faa7900 elementor-widget elementor-widget-heading\" data-id=\"faa7900\" data-element_type=\"widget\" data-widget_type=\"heading.default\">\n\t\t\t\t<div class=\"elementor-widget-container\">\n\t\t\t<style>\/*! elementor - v3.20.0 - 13-03-2024 *\/\n.elementor-heading-title{padding:0;margin:0;line-height:1}.elementor-widget-heading .elementor-heading-title[class*=elementor-size-]>a{color:inherit;font-size:inherit;line-height:inherit}.elementor-widget-heading .elementor-heading-title.elementor-size-small{font-size:15px}.elementor-widget-heading .elementor-heading-title.elementor-size-medium{font-size:19px}.elementor-widget-heading .elementor-heading-title.elementor-size-large{font-size:29px}.elementor-widget-heading .elementor-heading-title.elementor-size-xl{font-size:39px}.elementor-widget-heading .elementor-heading-title.elementor-size-xxl{font-size:59px}<\/style><h1 class=\"elementor-heading-title elementor-size-default\">Misi\u00f3n<\/h1>\t\t<\/div>\n\t\t\t\t<\/div>\n\t\t\t\t<div class=\"elementor-element elementor-element-34d0002 elementor-widget elementor-widget-text-editor\" data-id=\"34d0002\" data-element_type=\"widget\" data-widget_type=\"text-editor.default\">\n\t\t\t\t<div class=\"elementor-widget-container\">\n\t\t\t<style>\/*! elementor - v3.20.0 - 13-03-2024 *\/\n.elementor-widget-text-editor.elementor-drop-cap-view-stacked .elementor-drop-cap{background-color:#69727d;color:#fff}.elementor-widget-text-editor.elementor-drop-cap-view-framed .elementor-drop-cap{color:#69727d;border:3px solid;background-color:transparent}.elementor-widget-text-editor:not(.elementor-drop-cap-view-default) .elementor-drop-cap{margin-top:8px}.elementor-widget-text-editor:not(.elementor-drop-cap-view-default) .elementor-drop-cap-letter{width:1em;height:1em}.elementor-widget-text-editor .elementor-drop-cap{float:left;text-align:center;line-height:1;font-size:50px}.elementor-widget-text-editor .elementor-drop-cap-letter{display:inline-block}<\/style>\t\t\t\t<p>Proporcionarmos productos y servicios de la m\u00e1s alta calidad que superen las expectativas de nuestros clientes, contribuyendo as\u00ed al \u00e9xito y bienestar de sus operaciones.<\/p><p>\u00a0<\/p>\t\t\t\t\t\t<\/div>\n\t\t\t\t<\/div>\n\t\t\t\t<\/div>\n\t\t<div class=\"elementor-element elementor-element-a7c34dc e-con-full e-flex e-con e-child\" data-id=\"a7c34dc\" data-element_type=\"container\">\n\t\t\t\t<div class=\"elementor-element elementor-element-337269c elementor-widget elementor-widget-image\" data-id=\"337269c\" data-element_type=\"widget\" data-widget_type=\"image.default\">\n\t\t\t\t<div class=\"elementor-widget-container\">\n\t\t\t<style>\/*! elementor - v3.20.0 - 13-03-2024 *\/\n.elementor-widget-image{text-align:center}.elementor-widget-image a{display:inline-block}.elementor-widget-image a img[src$=\".svg\"]{width:48px}.elementor-widget-image img{vertical-align:middle;display:inline-block}<\/style>\t\t\t\t\t\t\t\t\t\t<img fetchpriority=\"high\" decoding=\"async\" width=\"950\" height=\"594\" src=\"https:\/\/myjdotaciones.com\/wp-content\/uploads\/2024\/03\/Prototipo-web-MYJ--1024x640.png\" class=\"attachment-large size-large wp-image-152\" alt=\"\" srcset=\"https:\/\/myjdotaciones.com\/wp-content\/uploads\/2024\/03\/Prototipo-web-MYJ--1024x640.png 1024w, https:\/\/myjdotaciones.com\/wp-content\/uploads\/2024\/03\/Prototipo-web-MYJ--300x188.png 300w, https:\/\/myjdotaciones.com\/wp-content\/uploads\/2024\/03\/Prototipo-web-MYJ-.png 1280w\" sizes=\"100vw\" \/>\t\t\t\t\t\t\t\t\t\t\t\t\t<\/div>\n\t\t\t\t<\/div>\n\t\t\t\t<\/div>\n\t\t\t\t\t<\/div>\n\t\t\t\t<\/div>\n\t\t<div class=\"elementor-element elementor-element-766821b e-flex e-con-boxed e-con e-parent\" data-id=\"766821b\" data-element_type=\"container\" data-core-v316-plus=\"true\">\n\t\t\t\t\t<div class=\"e-con-inner\">\n\t\t<div class=\"elementor-element elementor-element-fb82d98 e-con-full e-flex e-con e-child\" data-id=\"fb82d98\" data-element_type=\"container\">\n\t\t\t\t<div class=\"elementor-element elementor-element-4933a56 elementor-hidden-mobile elementor-widget elementor-widget-image\" data-id=\"4933a56\" data-element_type=\"widget\" data-widget_type=\"image.default\">\n\t\t\t\t<div class=\"elementor-widget-container\">\n\t\t\t\t\t\t\t\t\t\t\t\t\t<img decoding=\"async\" width=\"950\" height=\"594\" src=\"https:\/\/myjdotaciones.com\/wp-content\/uploads\/2024\/03\/Prototipo-web-MYJ-1-1024x640.png\" class=\"attachment-large size-large wp-image-154\" alt=\"\" srcset=\"https:\/\/myjdotaciones.com\/wp-content\/uploads\/2024\/03\/Prototipo-web-MYJ-1-1024x640.png 1024w, https:\/\/myjdotaciones.com\/wp-content\/uploads\/2024\/03\/Prototipo-web-MYJ-1-300x188.png 300w, https:\/\/myjdotaciones.com\/wp-content\/uploads\/2024\/03\/Prototipo-web-MYJ-1.png 1280w\" sizes=\"100vw\" \/>\t\t\t\t\t\t\t\t\t\t\t\t\t<\/div>\n\t\t\t\t<\/div>\n\t\t\t\t<\/div>\n\t\t<div class=\"elementor-element elementor-element-0142ed1 e-con-full e-flex e-con e-child\" data-id=\"0142ed1\" data-element_type=\"container\">\n\t\t\t\t<div class=\"elementor-element elementor-element-25d9a02 elementor-widget elementor-widget-heading\" data-id=\"25d9a02\" data-element_type=\"widget\" data-widget_type=\"heading.default\">\n\t\t\t\t<div class=\"elementor-widget-container\">\n\t\t\t<h1 class=\"elementor-heading-title elementor-size-default\">Visi\u00f3n<\/h1>\t\t<\/div>\n\t\t\t\t<\/div>\n\t\t\t\t<div class=\"elementor-element elementor-element-34abae6 elementor-widget elementor-widget-text-editor\" data-id=\"34abae6\" data-element_type=\"widget\" data-widget_type=\"text-editor.default\">\n\t\t\t\t<div class=\"elementor-widget-container\">\n\t\t\t\t\t\t\t<p class=\"cvGsUA direction-ltr align-start para-style-body\"><span class=\"OYPEnA text-decoration-none text-strikethrough-none\">Queremos ser reconocidos como el <\/span><span class=\"OYPEnA text-decoration-none text-strikethrough-none\">proveedor preferido en dotaciones y <\/span><span class=\"OYPEnA text-decoration-none text-strikethrough-none\">suministros, destacando por nuestra <\/span><span class=\"OYPEnA text-decoration-none text-strikethrough-none\">calidad, confiabilidad y compromiso con <\/span><span class=\"OYPEnA text-decoration-none text-strikethrough-none\">la satisfacci\u00f3n del cliente.<\/span><\/p>\t\t\t\t\t\t<\/div>\n\t\t\t\t<\/div>\n\t\t\t\t<div class=\"elementor-element elementor-element-b889a34 elementor-hidden-desktop elementor-hidden-tablet elementor-widget elementor-widget-image\" data-id=\"b889a34\" data-element_type=\"widget\" data-widget_type=\"image.default\">\n\t\t\t\t<div class=\"elementor-widget-container\">\n\t\t\t\t\t\t\t\t\t\t\t\t\t<img decoding=\"async\" width=\"950\" height=\"594\" src=\"https:\/\/myjdotaciones.com\/wp-content\/uploads\/2024\/03\/Prototipo-web-MYJ-1-1024x640.png\" class=\"attachment-large size-large wp-image-154\" alt=\"\" srcset=\"https:\/\/myjdotaciones.com\/wp-content\/uploads\/2024\/03\/Prototipo-web-MYJ-1-1024x640.png 1024w, https:\/\/myjdotaciones.com\/wp-content\/uploads\/2024\/03\/Prototipo-web-MYJ-1-300x188.png 300w, https:\/\/myjdotaciones.com\/wp-content\/uploads\/2024\/03\/Prototipo-web-MYJ-1.png 1280w\" sizes=\"100vw\" \/>\t\t\t\t\t\t\t\t\t\t\t\t\t<\/div>\n\t\t\t\t<\/div>\n\t\t\t\t<\/div>\n\t\t\t\t\t<\/div>\n\t\t\t\t<\/div>\n\t\t<div class=\"elementor-element elementor-element-9e99d78 e-flex e-con-boxed e-con e-parent\" data-id=\"9e99d78\" data-element_type=\"container\" data-core-v316-plus=\"true\">\n\t\t\t\t\t<div class=\"e-con-inner\">\n\t\t\t\t<div class=\"elementor-element elementor-element-333f4bc elementor-widget elementor-widget-heading\" data-id=\"333f4bc\" data-element_type=\"widget\" data-widget_type=\"heading.default\">\n\t\t\t\t<div class=\"elementor-widget-container\">\n\t\t\t<h2 class=\"elementor-heading-title elementor-size-default\">\u00bfQuienes somos?<\/h2>\t\t<\/div>\n\t\t\t\t<\/div>\n\t\t\t\t<div class=\"elementor-element elementor-element-297c6be elementor-widget elementor-widget-text-editor\" data-id=\"297c6be\" data-element_type=\"widget\" data-widget_type=\"text-editor.default\">\n\t\t\t\t<div class=\"elementor-widget-container\">\n\t\t\t\t\t\t\t<p class=\"cvGsUA direction-ltr align-center para-style-body\"><span class=\"OYPEnA text-decoration-none text-strikethrough-none\">En MYJ, nos dedicamos hace seis a\u00f1os a proporcionar soluciones integrales <\/span><span class=\"OYPEnA text-decoration-none text-strikethrough-none\">en dotaciones y suministros para una variedad de necesidades en los diferentes sectores, incluyendo industria, salud y educaci\u00f3n. En MYJ, nos enorgullece ser tu socio confiable en soluciones integrales para dotaciones y suministros.<\/span><\/p><p class=\"cvGsUA direction-ltr align-center para-style-body\"><span class=\"OYPEnA text-decoration-none text-strikethrough-none\">Con una combinaci\u00f3n de experiencia, calidad y compromiso, estamos aqu\u00ed para satisfacer todas tus necesidades, desde seguridad industrial hasta material did\u00e1ctico escolar.<\/span><\/p><p class=\"cvGsUA direction-ltr align-center para-style-body\"><strong><span class=\"OYPEnA text-decoration-none text-strikethrough-none\">Descubre c\u00f3mo MYJ puede hacer la diferencia para tu empresa o instituci\u00f3n.<\/span><\/strong><\/p>\t\t\t\t\t\t<\/div>\n\t\t\t\t<\/div>\n\t\t\t\t\t<\/div>\n\t\t\t\t<\/div>\n\t\t\t\t<\/div>\n\t\t","protected":false},"excerpt":{"rendered":"<p>Misi\u00f3n Proporcionarmos productos y servicios de la m\u00e1s alta calidad que superen las expectativas de nuestros clientes, contribuyendo as\u00ed al \u00e9xito y bienestar de sus operaciones. \u00a0 Visi\u00f3n Queremos ser reconocidos como el proveedor preferido en dotaciones y suministros, destacando por nuestra calidad, confiabilidad y compromiso con la satisfacci\u00f3n del cliente. \u00bfQuienes somos? En MYJ, &hellip; <\/p>\n<p class=\"link-more\"><a href=\"https:\/\/myjdotaciones.com\/index.php\/nosotros\/\" class=\"more-link\">Leer m\u00e1s<span class=\"screen-reader-text\"> \u00abnosotros\u00bb<\/span><\/a><\/p>\n","protected":false},"author":1,"featured_media":0,"parent":0,"menu_order":0,"comment_status":"closed","ping_status":"closed","template":"elementor_header_footer","meta":{"footnotes":""},"class_list":["post-16","page","type-page","status-publish","hentry"],"_links":{"self":[{"href":"https:\/\/myjdotaciones.com\/index.php\/wp-json\/wp\/v2\/pages\/16","targetHints":{"allow":["GET"]}}],"collection":[{"href":"https:\/\/myjdotaciones.com\/index.php\/wp-json\/wp\/v2\/pages"}],"about":[{"href":"https:\/\/myjdotaciones.com\/index.php\/wp-json\/wp\/v2\/types\/page"}],"author":[{"embeddable":true,"href":"https:\/\/myjdotaciones.com\/index.php\/wp-json\/wp\/v2\/users\/1"}],"replies":[{"embeddable":true,"href":"https:\/\/myjdotaciones.com\/index.php\/wp-json\/wp\/v2\/comments?post=16"}],"version-history":[{"count":26,"href":"https:\/\/myjdotaciones.com\/index.php\/wp-json\/wp\/v2\/pages\/16\/revisions"}],"predecessor-version":[{"id":211,"href":"https:\/\/myjdotaciones.com\/index.php\/wp-json\/wp\/v2\/pages\/16\/revisions\/211"}],"wp:attachment":[{"href":"https:\/\/myjdotaciones.com\/index.php\/wp-json\/wp\/v2\/media?parent=16"}],"curies":[{"name":"wp","href":"https:\/\/api.w.org\/{rel}","templated":true}]}}